{"id":1285,"date":"2022-01-20T02:56:23","date_gmt":"2022-01-20T02:56:23","guid":{"rendered":"https:\/\/innovationday2022.com\/?page_id=1285"},"modified":"2023-04-19T08:43:30","modified_gmt":"2023-04-19T08:43:30","slug":"innovation-day-2022","status":"publish","type":"page","link":"https:\/\/bovedaceleste.com\/cocacola\/","title":{"rendered":"INNOVATION DAY 2022"},"content":{"rendered":"<p>[et_pb_section fb_built=&#8221;1&#8243; _builder_version=&#8221;4.9.7&#8243; _module_preset=&#8221;default&#8221; background_color=&#8221;#034275&#8243; background_image=&#8221;https:\/\/bovedaceleste.com\/cocacola\/wp-content\/uploads\/2022\/02\/fondo-cuenta-regresiva.jpg&#8221; custom_padding=&#8221;0px|||||&#8221;][et_pb_row _builder_version=&#8221;4.9.7&#8243; _module_preset=&#8221;default&#8221; width=&#8221;100%&#8221; max_width=&#8221;2560px&#8221; custom_margin=&#8221;|51px||50px|false|false&#8221; custom_padding=&#8221;|67px||||&#8221;][et_pb_column type=&#8221;4_4&#8243; _builder_version=&#8221;4.9.7&#8243; _module_preset=&#8221;default&#8221;][et_pb_text _builder_version=&#8221;4.9.7&#8243; _module_preset=&#8221;default&#8221; custom_margin=&#8221;|28px||||&#8221; custom_padding=&#8221;|8px||0px||&#8221;]<\/p>\n<h1 style=\"text-align: center;\"><span style=\"color: #ffffff;\"><strong>BIENVENIDOS<\/strong><\/span><\/h1>\n<p>[\/et_pb_text][et_pb_text _builder_version=&#8221;4.9.7&#8243; _module_preset=&#8221;default&#8221; custom_margin=&#8221;|28px||||&#8221; custom_padding=&#8221;|8px||0px||&#8221;]<\/p>\n<p><img loading=\"lazy\" decoding=\"async\" class=\"wp-image-2827 size-full aligncenter\" src=\"https:\/\/bovedaceleste.com\/cocacola\/wp-content\/uploads\/2022\/03\/logologin.png\" alt=\"\" width=\"320\" height=\"182\" \/><\/p>\n<p>[\/et_pb_text][et_pb_text _builder_version=&#8221;4.9.7&#8243; _module_preset=&#8221;default&#8221; mix_blend_mode=&#8221;overlay&#8221;]<\/p>\n<p><img loading=\"lazy\" decoding=\"async\" class=\"wp-image-3849 alignnone size-full\" src=\"https:\/\/bovedaceleste.com\/cocacola\/wp-content\/uploads\/2022\/03\/logo-latam.png\" alt=\"\" width=\"1920\" height=\"150\" srcset=\"https:\/\/bovedaceleste.com\/cocacola\/wp-content\/uploads\/2022\/03\/logo-latam.png 1920w, https:\/\/bovedaceleste.com\/cocacola\/wp-content\/uploads\/2022\/03\/logo-latam-1280x100.png 1280w, https:\/\/bovedaceleste.com\/cocacola\/wp-content\/uploads\/2022\/03\/logo-latam-980x77.png 980w, https:\/\/bovedaceleste.com\/cocacola\/wp-content\/uploads\/2022\/03\/logo-latam-480x38.png 480w\" sizes=\"auto, (min-width: 0px) and (max-width: 480px) 480px, (min-width: 481px) and (max-width: 980px) 980px, (min-width: 981px) and (max-width: 1280px) 1280px, (min-width: 1281px) 1920px, 100vw\" \/><\/p>\n<p>[\/et_pb_text][\/et_pb_column][\/et_pb_row][\/et_pb_section][et_pb_section fb_built=&#8221;1&#8243; _builder_version=&#8221;4.9.7&#8243; _module_preset=&#8221;default&#8221; background_color=&#8221;#034275&#8243; use_background_color_gradient=&#8221;on&#8221; background_color_gradient_start=&#8221;#212121&#8243; background_color_gradient_end=&#8221;#034275&#8243; background_color_gradient_end_position=&#8221;53%&#8221; custom_padding=&#8221;0px|||||&#8221;][et_pb_row _builder_version=&#8221;4.9.7&#8243; _module_preset=&#8221;default&#8221; width=&#8221;100%&#8221; max_width=&#8221;2560px&#8221; custom_margin=&#8221;|51px||50px|false|false&#8221; custom_padding=&#8221;|67px||||&#8221;][et_pb_column type=&#8221;4_4&#8243; _builder_version=&#8221;4.9.7&#8243; _module_preset=&#8221;default&#8221;][et_pb_text _builder_version=&#8221;4.9.7&#8243; _module_preset=&#8221;default&#8221;]<\/p>\n<h1 style=\"text-align: center;\"><span style=\"color: #ffffff;\">HOY ES EL D\u00cdA<\/span><\/h1>\n<h3 style=\"text-align: center;\"><span style=\"color: #ffffff;\">DISFRUTA TU RECORRIDO<\/span><\/h3>\n<p style=\"text-align: center;\"><span style=\"color: #ffffff;\">RECUERDA USAR EL MOUSE EN TODO MOMENTO<\/span><\/p>\n<p>&nbsp;<\/p>\n<p>&nbsp;<\/p>\n<p>[\/et_pb_text][et_pb_text _builder_version=&#8221;4.9.7&#8243; _module_preset=&#8221;default&#8221; mix_blend_mode=&#8221;overlay&#8221;]<\/p>\n<p><img loading=\"lazy\" decoding=\"async\" class=\"wp-image-3033  aligncenter\" src=\"https:\/\/bovedaceleste.com\/cocacola\/wp-content\/uploads\/2022\/03\/gif-maker.gif\" alt=\"\" width=\"87\" height=\"288\" \/><\/p>\n<p>[\/et_pb_text][\/et_pb_column][\/et_pb_row][et_pb_row column_structure=&#8221;1_4,1_2,1_4&#8243; _builder_version=&#8221;4.9.7&#8243; _module_preset=&#8221;default&#8221; width=&#8221;100%&#8221; max_width=&#8221;2560px&#8221; custom_margin=&#8221;|51px||50px|false|false&#8221; custom_padding=&#8221;|67px||||&#8221;][et_pb_column type=&#8221;1_4&#8243; _builder_version=&#8221;4.9.7&#8243; _module_preset=&#8221;default&#8221;][\/et_pb_column][et_pb_column type=&#8221;1_2&#8243; _builder_version=&#8221;4.9.7&#8243; _module_preset=&#8221;default&#8221;][et_pb_video src=&#8221;https:\/\/player.vimeo.com\/video\/688054490&#8243; src_webm=&#8221;https:\/\/player.vimeo.com\/video\/688054490&#8243; _builder_version=&#8221;4.9.7&#8243; _module_preset=&#8221;default&#8221;][\/et_pb_video][et_pb_text _builder_version=&#8221;4.9.7&#8243; _module_preset=&#8221;default&#8221; custom_margin=&#8221;|28px||||&#8221; custom_padding=&#8221;|8px||0px||&#8221;]<\/p>\n<p style=\"text-align: justify;\"><span style=\"color: #ffffff;\">Hemos dise\u00f1ado esta plataforma para brindarte la mejor experiencia, para ello es necesario hacer uso del \u201cscroll wheel\u201d de tu mouse o por medio de la barra lateral de tu navegador para subir o bajar durante tu recorrido en todo momento.<\/span><\/p>\n<p>[\/et_pb_text][\/et_pb_column][et_pb_column type=&#8221;1_4&#8243; _builder_version=&#8221;4.9.7&#8243; _module_preset=&#8221;default&#8221;][\/et_pb_column][\/et_pb_row][\/et_pb_section][et_pb_section fb_built=&#8221;1&#8243; _builder_version=&#8221;4.9.7&#8243; _module_preset=&#8221;default&#8221; custom_padding=&#8221;0px|||||&#8221;][et_pb_row _builder_version=&#8221;4.9.7&#8243; _module_preset=&#8221;default&#8221; width=&#8221;100%&#8221; max_width=&#8221;2560px&#8221; custom_padding=&#8221;||0px|||&#8221;][et_pb_column type=&#8221;4_4&#8243; _builder_version=&#8221;4.9.7&#8243; _module_preset=&#8221;default&#8221;][et_pb_text admin_label=&#8221;Texto&#8221; _builder_version=&#8221;4.9.7&#8243; _module_preset=&#8221;default&#8221; custom_margin=&#8221;-109px||0px||false|false&#8221;]\n  <style>\n  \t\n  \t.scrollsequence-pages-wrap {height:100vh}\n  \t.scrollsequence-page {position:absolute;display:none}\n  <\/style>\t\t\t\n  <noscript> \n\t  <style>\n\t  \n\t  .scrollsequence-spacer{display:none}\n\t  .scrollsequence-pages-wrap {height:initial}\n\t  .scrollsequence-page {position:relative;opacity:initial;display:block  ;visibility:initial}\t   \n\t  <\/style> \n  <\/noscript>\n\n  <div style=\"position: fixed;z-index:99999;bottom:0px;right: 10px;background:red;color:white;\" class=\"ssq-alert-container\">\n    <div id=\"ssqalert\"><\/div>\n  <\/div> \n\n\t\t\t\n\t\t<style>\n\t\t\t.ssq-center-center{\r\nposition: absolute;\r\nleft: 50%;\r\ntop: 50%;\r\ntransform: translate(-50%, -50%);\r\ntext-shadow: 0 0 8px white;\r\ntext-align: center;\r\n}\r\n\n\t\t<\/style>\n\t\t\t\t\n<section class=\"scrollsequence-wrap ssq-wrap-0 \" id=\"ssq-uid-1285-0-1001\" style=\"padding:0;margin:0; margin-top:0;margin-bottom:0; width:100%; max-width:initial;box-sizing: border-box;border:-1px dashed blue;\">\n  \t<div class=\"scrollsequence-sticky\" style=\"box-sizing: border-box;border:-1px dashed green;\">\n  \t\t<canvas class=\"scrollsequence-canvas\" style=\"position:absolute;\"><\/canvas>\n\t\t<div class=\"scrollsequence-pages-wrap\" style=\"position:relative; margin:0; padding:0; box-sizing: border-box;\">\n\n\t\t<div class=\"scrollsequence-page\" id=\"ssq-page-0-0\" style=\"box-sizing: border-box;height:100vh;width:100%;overflow:hidden!important;\">\n\t\t\t\t\n\t\t<\/div>  \n\t\t\t\t\t\t\n\t\t<\/div>\n\t<\/div><!-- .scrollsequence-sticky -->\n\n\t<div class=\"scrollsequence-spacer\" style=\"height:700px; box-sizing: border-box;border:-1px dashed orange;\" >\n\t<\/div><!-- .scrollsequence-spacer -->\n\n<\/section><!-- .scrollsequence-wrap -->\n\t\t[\/et_pb_text][\/et_pb_column][\/et_pb_row][et_pb_row _builder_version=&#8221;4.9.7&#8243; _module_preset=&#8221;default&#8221; background_color=&#8221;#88cde4&#8243; transform_translate=&#8221;0px|-2px&#8221; transform_translate_linked=&#8221;off&#8221; width=&#8221;100%&#8221; max_width=&#8221;2560px&#8221;][et_pb_column type=&#8221;4_4&#8243; _builder_version=&#8221;4.9.7&#8243; _module_preset=&#8221;default&#8221;][et_pb_image src=&#8221;https:\/\/bovedaceleste.com\/cocacola\/wp-content\/uploads\/2022\/03\/logo-CC-ID2022.png&#8221; title_text=&#8221;logo-CC-ID2022&#8243; align=&#8221;center&#8221; force_fullwidth=&#8221;on&#8221; _builder_version=&#8221;4.9.7&#8243; _module_preset=&#8221;default&#8221;][\/et_pb_image][\/et_pb_column][\/et_pb_row][et_pb_row column_structure=&#8221;1_4,1_2,1_4&#8243; _builder_version=&#8221;4.9.7&#8243; _module_preset=&#8221;default&#8221; background_color=&#8221;#88cde4&#8243; use_background_color_gradient=&#8221;on&#8221; background_color_gradient_start=&#8221;#88cde4&#8243; background_color_gradient_end=&#8221;#83c9e0&#8243; transform_translate=&#8221;0px|-4px&#8221; transform_translate_linked=&#8221;off&#8221; width=&#8221;100%&#8221; max_width=&#8221;2560px&#8221;][et_pb_column type=&#8221;1_4&#8243; _builder_version=&#8221;4.9.7&#8243; _module_preset=&#8221;default&#8221;][\/et_pb_column][et_pb_column type=&#8221;1_2&#8243; _builder_version=&#8221;4.9.7&#8243; _module_preset=&#8221;default&#8221;][et_pb_text _builder_version=&#8221;4.9.7&#8243; _module_preset=&#8221;default&#8221; custom_margin=&#8221;0px||0px||false|false&#8221; custom_padding=&#8221;0px||0px||false|false&#8221; text_text_shadow_style=&#8221;preset3&#8243;]<\/p>\n<p style=\"text-align: center;\"><span style=\"color: #ffffff; font-size: large;\">Los \u00faltimos dos a\u00f1os han sido de los retos m\u00e1s importantes a los que nos hemos enfrentado durante nuestra vida. Hemos sido testigos de la valent\u00eda y determinaci\u00f3n que nuestro equipo de trabajo ha logrado al reinventarnos y adaptarnos a nuestra nueva realidad. Hoy a trav\u00e9s de la tecnolog\u00eda hemos logrado formar un todo y trabajar en conjunto\u2026 Seguiremos uniendo esfuerzos para que los materiales, formas y tendencias respondan a los principales objetivos de la marca.<\/span><\/p>\n<p>[\/et_pb_text][et_pb_divider color=&#8221;RGBA(0,0,0,0)&#8221; divider_weight=&#8221;30px&#8221; _builder_version=&#8221;4.9.7&#8243; _module_preset=&#8221;default&#8221;][\/et_pb_divider][et_pb_text admin_label=&#8221;Gif mouse&#8221; _builder_version=&#8221;4.9.7&#8243; _module_preset=&#8221;default&#8221; mix_blend_mode=&#8221;overlay&#8221;]<\/p>\n<p><img loading=\"lazy\" decoding=\"async\" class=\"wp-image-3033  aligncenter\" src=\"https:\/\/bovedaceleste.com\/cocacola\/wp-content\/uploads\/2022\/03\/gif-maker.gif\" alt=\"\" width=\"87\" height=\"288\" \/><\/p>\n<p>[\/et_pb_text][\/et_pb_column][et_pb_column type=&#8221;1_4&#8243; _builder_version=&#8221;4.9.7&#8243; _module_preset=&#8221;default&#8221;][\/et_pb_column][\/et_pb_row][\/et_pb_section][et_pb_section fb_built=&#8221;1&#8243; _builder_version=&#8221;4.9.7&#8243; _module_preset=&#8221;default&#8221; custom_padding=&#8221;0px||0px|||&#8221;][et_pb_row _builder_version=&#8221;4.9.7&#8243; _module_preset=&#8221;default&#8221; width=&#8221;100%&#8221; max_width=&#8221;2560px&#8221; custom_margin=&#8221;20px|auto||auto||&#8221;][et_pb_column type=&#8221;4_4&#8243; _builder_version=&#8221;4.9.7&#8243; _module_preset=&#8221;default&#8221;][et_pb_text _builder_version=&#8221;4.9.7&#8243; _module_preset=&#8221;default&#8221; custom_margin=&#8221;-109px||0px||false|false&#8221;]\n\t\t<style>\n\t\t\t.ssq-center-center{\r\nposition: absolute;\r\nleft: 50%;\r\ntop: 50%;\r\ntransform: translate(-50%, -50%);\r\ntext-shadow: 0 0 8px white;\r\ntext-align: center;\r\n}\r\n\n\t\t<\/style>\n\t\t\t\t\n<section class=\"scrollsequence-wrap ssq-wrap-1 \" id=\"ssq-uid-1285-1-836\" style=\"padding:0;margin:0; margin-top:0;margin-bottom:0; width:100%; max-width:initial;box-sizing: border-box;border:-1px dashed blue;\">\n  \t<div class=\"scrollsequence-sticky\" style=\"box-sizing: border-box;border:-1px dashed green;\">\n  \t\t<canvas class=\"scrollsequence-canvas\" style=\"position:absolute;\"><\/canvas>\n\t\t<div class=\"scrollsequence-pages-wrap\" style=\"position:relative; margin:0; padding:0; box-sizing: border-box;\">\n\n\t\t<div class=\"scrollsequence-page\" id=\"ssq-page-1-0\" style=\"box-sizing: border-box;height:100vh;width:100%;overflow:hidden!important;\">\n\t\t\t\t\n\t\t<\/div>  \n\t\t\t\t\t\t\n\t\t<\/div>\n\t<\/div><!-- .scrollsequence-sticky -->\n\n\t<div class=\"scrollsequence-spacer\" style=\"height:1875px; box-sizing: border-box;border:-1px dashed orange;\" >\n\t<\/div><!-- .scrollsequence-spacer -->\n\n<\/section><!-- .scrollsequence-wrap -->\n\t\t[\/et_pb_text][\/et_pb_column][\/et_pb_row][\/et_pb_section][et_pb_section fb_built=&#8221;1&#8243; module_id=&#8221;menu&#8221; module_class=&#8221;seccionarriba&#8221; _builder_version=&#8221;4.9.7&#8243; _module_preset=&#8221;default&#8221; background_color=&#8221;RGBA(0,0,0,0)&#8221; background_image=&#8221;https:\/\/bovedaceleste.com\/cocacola\/wp-content\/uploads\/2022\/03\/Lobby_esp_low_2022.jpg&#8221; custom_margin=&#8221;0px||||false|false&#8221; custom_padding=&#8221;0px||0px|||&#8221; scroll_fade_enable=&#8221;on&#8221; scroll_fade=&#8221;0|10|10|100|0|100|100&#8243;][et_pb_row _builder_version=&#8221;4.9.7&#8243; _module_preset=&#8221;default&#8221; background_enable_image=&#8221;off&#8221; width=&#8221;100%&#8221; max_width=&#8221;2560px&#8221; min_height=&#8221;815px&#8221; height=&#8221;815px&#8221; max_height=&#8221;815px&#8221; custom_margin=&#8221;-54px|auto|-4px|auto||&#8221;][et_pb_column type=&#8221;4_4&#8243; _builder_version=&#8221;4.9.7&#8243; _module_preset=&#8221;default&#8221;][et_pb_image src=&#8221;https:\/\/bovedaceleste.com\/cocacola\/wp-content\/uploads\/2021\/08\/Red_circle.gif&#8221; url=&#8221;https:\/\/bovedaceleste.com\/cocacola\/ecologico\/&#8221; align=&#8221;center&#8221; disabled_on=&#8221;off|off|off&#8221; admin_label=&#8221;Ecologico&#8221; _builder_version=&#8221;4.9.7&#8243; _module_preset=&#8221;default&#8221; positioning=&#8221;relative&#8221; position_origin_a=&#8221;center_center&#8221; position_origin_r=&#8221;bottom_left&#8221; vertical_offset=&#8221;-314pt&#8221; horizontal_offset=&#8221;-298pt&#8221; z_index=&#8221;0&#8243; width=&#8221;5%&#8221; max_width=&#8221;5%&#8221; min_height=&#8221;60px&#8221; height=&#8221;60px&#8221; max_height=&#8221;60px&#8221;][\/et_pb_image][et_pb_image src=&#8221;https:\/\/bovedaceleste.com\/cocacola\/wp-content\/uploads\/2021\/08\/Red_circle.gif&#8221; url=&#8221;https:\/\/bovedaceleste.com\/cocacola\/hogar\/&#8221; align=&#8221;center&#8221; disabled_on=&#8221;off|off|off&#8221; admin_label=&#8221;hogar&#8221; _builder_version=&#8221;4.9.7&#8243; _module_preset=&#8221;default&#8221; positioning=&#8221;relative&#8221; position_origin_a=&#8221;center_center&#8221; position_origin_r=&#8221;bottom_left&#8221; vertical_offset=&#8221;-235pt&#8221; horizontal_offset=&#8221;-165pt&#8221; z_index=&#8221;0&#8243; width=&#8221;5%&#8221; max_width=&#8221;5%&#8221; min_height=&#8221;60px&#8221; height=&#8221;60px&#8221; max_height=&#8221;60px&#8221;][\/et_pb_image][et_pb_image src=&#8221;https:\/\/bovedaceleste.com\/cocacola\/wp-content\/uploads\/2021\/08\/Red_circle.gif&#8221; url=&#8221;https:\/\/bovedaceleste.com\/cocacola\/diversion\/&#8221; align=&#8221;center&#8221; disabled_on=&#8221;off|off|off&#8221; admin_label=&#8221;diversion&#8221; _builder_version=&#8221;4.9.7&#8243; _module_preset=&#8221;default&#8221; positioning=&#8221;relative&#8221; position_origin_a=&#8221;center_center&#8221; position_origin_r=&#8221;bottom_left&#8221; vertical_offset=&#8221;-158pt&#8221; horizontal_offset=&#8221;-53pt&#8221; z_index=&#8221;0&#8243; width=&#8221;5%&#8221; max_width=&#8221;5%&#8221; min_height=&#8221;60px&#8221; height=&#8221;60px&#8221; max_height=&#8221;60px&#8221;][\/et_pb_image][et_pb_image src=&#8221;https:\/\/bovedaceleste.com\/cocacola\/wp-content\/uploads\/2021\/08\/Red_circle.gif&#8221; url=&#8221;https:\/\/bovedaceleste.com\/cocacola\/cocina\/&#8221; align=&#8221;center&#8221; disabled_on=&#8221;off|off|off&#8221; admin_label=&#8221;cocina&#8221; _builder_version=&#8221;4.9.7&#8243; _module_preset=&#8221;default&#8221; positioning=&#8221;relative&#8221; position_origin_a=&#8221;center_center&#8221; position_origin_r=&#8221;bottom_left&#8221; vertical_offset=&#8221;-82pt&#8221; horizontal_offset=&#8221;61pt&#8221; z_index=&#8221;0&#8243; width=&#8221;5%&#8221; max_width=&#8221;5%&#8221; min_height=&#8221;60px&#8221; height=&#8221;60px&#8221; max_height=&#8221;60px&#8221;][\/et_pb_image][et_pb_image src=&#8221;https:\/\/bovedaceleste.com\/cocacola\/wp-content\/uploads\/2021\/08\/Red_circle.gif&#8221; url=&#8221;https:\/\/bovedaceleste.com\/cocacola\/punto-de-venta\/&#8221; align=&#8221;center&#8221; disabled_on=&#8221;off|off|off&#8221; admin_label=&#8221;punto de venta&#8221; _builder_version=&#8221;4.9.7&#8243; _module_preset=&#8221;default&#8221; positioning=&#8221;relative&#8221; position_origin_a=&#8221;center_center&#8221; position_origin_r=&#8221;bottom_left&#8221; vertical_offset=&#8221;-5pt&#8221; horizontal_offset=&#8221;168pt&#8221; z_index=&#8221;0&#8243; width=&#8221;5%&#8221; max_width=&#8221;5%&#8221; min_height=&#8221;60px&#8221; height=&#8221;60px&#8221; max_height=&#8221;60px&#8221;][\/et_pb_image][\/et_pb_column][\/et_pb_row][\/et_pb_section]<\/p>\n","protected":false},"excerpt":{"rendered":"<p>[et_pb_section fb_built=&#8221;1&#8243; _builder_version=&#8221;4.9.7&#8243; _module_preset=&#8221;default&#8221; background_color=&#8221;#034275&#8243; background_image=&#8221;https:\/\/bovedaceleste.com\/cocacola\/wp-content\/uploads\/2022\/02\/fondo-cuenta-regresiva.jpg&#8221; custom_padding=&#8221;0px|||||&#8221;][et_pb_row _builder_version=&#8221;4.9.7&#8243; _module_preset=&#8221;default&#8221; width=&#8221;100%&#8221; max_width=&#8221;2560px&#8221; custom_margin=&#8221;|51px||50px|false|false&#8221; custom_padding=&#8221;|67px||||&#8221;][et_pb_column type=&#8221;4_4&#8243; _builder_version=&#8221;4.9.7&#8243; _module_preset=&#8221;default&#8221;][et_pb_text _builder_version=&#8221;4.9.7&#8243; _module_preset=&#8221;default&#8221; custom_margin=&#8221;|28px||||&#8221; custom_padding=&#8221;|8px||0px||&#8221;] BIENVENIDOS [\/et_pb_text][et_pb_text _builder_version=&#8221;4.9.7&#8243; _module_preset=&#8221;default&#8221; custom_margin=&#8221;|28px||||&#8221; custom_padding=&#8221;|8px||0px||&#8221;] [\/et_pb_text][et_pb_text _builder_version=&#8221;4.9.7&#8243; _module_preset=&#8221;default&#8221; mix_blend_mode=&#8221;overlay&#8221;] [\/et_pb_text][\/et_pb_column][\/et_pb_row][\/et_pb_section][et_pb_section fb_built=&#8221;1&#8243; _builder_version=&#8221;4.9.7&#8243; _module_preset=&#8221;default&#8221; background_color=&#8221;#034275&#8243; use_background_color_gradient=&#8221;on&#8221; background_color_gradient_start=&#8221;#212121&#8243; background_color_gradient_end=&#8221;#034275&#8243; background_color_gradient_end_position=&#8221;53%&#8221; custom_padding=&#8221;0px|||||&#8221;][et_pb_row _builder_version=&#8221;4.9.7&#8243; _module_preset=&#8221;default&#8221; width=&#8221;100%&#8221; max_width=&#8221;2560px&#8221; custom_margin=&#8221;|51px||50px|false|false&#8221; custom_padding=&#8221;|67px||||&#8221;][et_pb_column type=&#8221;4_4&#8243; _builder_version=&#8221;4.9.7&#8243; _module_preset=&#8221;default&#8221;][et_pb_text _builder_version=&#8221;4.9.7&#8243; _module_preset=&#8221;default&#8221;] HOY ES EL D\u00cdA [&hellip;]<\/p>\n","protected":false},"author":2,"featured_media":0,"parent":0,"menu_order":0,"comment_status":"closed","ping_status":"closed","template":"","meta":{"_et_pb_use_builder":"on","_et_pb_old_content":"","_et_gb_content_width":"","footnotes":""},"class_list":["post-1285","page","type-page","status-publish","hentry"],"_links":{"self":[{"href":"https:\/\/bovedaceleste.com\/cocacola\/wp-json\/wp\/v2\/pages\/1285","targetHints":{"allow":["GET"]}}],"collection":[{"href":"https:\/\/bovedaceleste.com\/cocacola\/wp-json\/wp\/v2\/pages"}],"about":[{"href":"https:\/\/bovedaceleste.com\/cocacola\/wp-json\/wp\/v2\/types\/page"}],"author":[{"embeddable":true,"href":"https:\/\/bovedaceleste.com\/cocacola\/wp-json\/wp\/v2\/users\/2"}],"replies":[{"embeddable":true,"href":"https:\/\/bovedaceleste.com\/cocacola\/wp-json\/wp\/v2\/comments?post=1285"}],"version-history":[{"count":61,"href":"https:\/\/bovedaceleste.com\/cocacola\/wp-json\/wp\/v2\/pages\/1285\/revisions"}],"predecessor-version":[{"id":4686,"href":"https:\/\/bovedaceleste.com\/cocacola\/wp-json\/wp\/v2\/pages\/1285\/revisions\/4686"}],"wp:attachment":[{"href":"https:\/\/bovedaceleste.com\/cocacola\/wp-json\/wp\/v2\/media?parent=1285"}],"curies":[{"name":"wp","href":"https:\/\/api.w.org\/{rel}","templated":true}]}}